{"id":4467,"date":"2022-08-15T03:12:55","date_gmt":"2022-08-15T03:12:55","guid":{"rendered":"https:\/\/hopeluxuryhotel.com\/contactez-nous\/"},"modified":"2026-03-13T10:46:23","modified_gmt":"2026-03-13T10:46:23","slug":"contactez-nous","status":"publish","type":"page","link":"https:\/\/hopeluxuryhotel.com\/fr\/contactez-nous\/","title":{"rendered":"Contactez-nous"},"content":{"rendered":"\t\t<div data-elementor-type=\"wp-page\" data-elementor-id=\"4467\" class=\"elementor elementor-4467 elementor-83\" data-elementor-post-type=\"page\">\n\t\t\t\t\t\t<section class=\"elementor-section elementor-top-section elementor-element elementor-element-d4b5277 elementor-section-boxed elementor-section-height-default elementor-section-height-default\" data-id=\"d4b5277\" data-element_type=\"section\" data-e-type=\"section\">\n\t\t\t\t\t\t<div class=\"elementor-container elementor-column-gap-default\">\n\t\t\t\t\t<div class=\"elementor-column elementor-col-50 elementor-top-column elementor-element elementor-element-6f050df\" data-id=\"6f050df\" data-element_type=\"column\" data-e-type=\"column\">\n\t\t\t<div class=\"elementor-widget-wrap elementor-element-populated\">\n\t\t\t\t\t\t<div class=\"elementor-element elementor-element-2512974 elementor-widget elementor-widget-romancy_elementor_heading\" data-id=\"2512974\" data-element_type=\"widget\" data-e-type=\"widget\" data-widget_type=\"romancy_elementor_heading.default\">\n\t\t\t\t<div class=\"elementor-widget-container\">\n\t\t\t\t\t\t\t<div class=\"ova-title\">\r\n\r\n\t\t\t\r\n\t\t\t\t\t\t\t\r\n\t\t\t\t\t\t\t<h2 class=\"title\">\r\n\r\n\t\t\t\t\t\t\t\tHope Luxury Hotel  \t\t\t\t\t\t\t\t \r\n\r\n\t\t\t\t\t\t\t<\/h2>\r\n\t\t\t\t\t\t\t\r\n\t\t\t\t\t\t\t<p class=\"description\"> Nous sommes ravis de vous accueillir et de vous assister pour vos demandes de renseignements, vos r\u00e9servations et vos r\u00e9servations d\u00e9v\u00e9nements. Que vous pr\u00e9voyiez un s\u00e9jour, une c\u00e9l\u00e9bration priv\u00e9e ou un \u00e9v\u00e9nement dentreprise, notre \u00e9quipe est pr\u00eate \u00e0 vous servir avec professionnalisme et excellence. <\/p>\r\n\t\t\t\r\n\t\t<\/div> \r\n\t\t \t\r\n\t\t\t\t\t\t<\/div>\n\t\t\t\t<\/div>\n\t\t\t\t<div class=\"elementor-element elementor-element-f2fc511 elementor-widget elementor-widget-romancy_elementor_contact_info\" data-id=\"f2fc511\" data-element_type=\"widget\" data-e-type=\"widget\" data-widget_type=\"romancy_elementor_contact_info.default\">\n\t\t\t\t<div class=\"elementor-widget-container\">\n\t\t\t\t\t\r\n\t\t\t<div class=\"ova-contact-info\">\r\n\t\t\t\t\r\n\t\t\t\t\t\t\t\t\t<div class=\"icon\">\r\n\t\t\t\t\t\t<i aria-hidden=\"true\" class=\"ovaicon ovaicon-phone-call\"><\/i>\t\t\t\t\t<\/div>\t\r\n\t\t\t\t\t\t\t\t\r\n\r\n\t\t\t\t<div class=\"contact\">\r\n\t\t\t\t\t\r\n\t\t\t\t\t\t\t\t\t\t\t<div class=\"label\">\r\n\t\t\t\t\t\t\tR\u00e9servation\t\t\t\t\t\t<\/div>\r\n\t\t\t\t\t\r\n\t\t\t\t\t<ul class=\"info\">\r\n\t\t\t\t\t\t\r\n\t\t\t\t\t\t\t\t<li class=\"item\">\r\n\r\n\t\t\t\t\t\t\t\t\t\t\t\t\t\t\t\t\t\t\t\t\t<a href=\"tel:+1023458899 \">\r\n\t\t\t\t\t\t\t\t\t\t\t\t\t+237 6 51 86 49 89\t\t\t\t\t\t\t\t\t\t\t\t<\/a>\r\n\t\t\t\t\t\t\t\t\t\t\t\t\t\t\t\t\t\t\t<\/li>\r\n\t\t\t\t\t\t\t\r\n\t\t\t\t\t\t\t\t\t\t\t<\/ul>\r\n\r\n\t\t\t\t<\/div>\r\n\r\n\t\t\t<\/div>\r\n\r\n\t\t\t\t\t\t<\/div>\n\t\t\t\t<\/div>\n\t\t\t\t<div class=\"elementor-element elementor-element-7e1f970 elementor-widget elementor-widget-romancy_elementor_contact_info\" data-id=\"7e1f970\" data-element_type=\"widget\" data-e-type=\"widget\" data-widget_type=\"romancy_elementor_contact_info.default\">\n\t\t\t\t<div class=\"elementor-widget-container\">\n\t\t\t\t\t\r\n\t\t\t<div class=\"ova-contact-info\">\r\n\t\t\t\t\r\n\t\t\t\t\t\t\t\t\t<div class=\"icon\">\r\n\t\t\t\t\t\t<i aria-hidden=\"true\" class=\"ovaicon ovaicon-mail-1\"><\/i>\t\t\t\t\t<\/div>\t\r\n\t\t\t\t\t\t\t\t\r\n\r\n\t\t\t\t<div class=\"contact\">\r\n\t\t\t\t\t\r\n\t\t\t\t\t\t\t\t\t\t\t<div class=\"label\">\r\n\t\t\t\t\t\t\tE-mail dinformation\t\t\t\t\t\t<\/div>\r\n\t\t\t\t\t\r\n\t\t\t\t\t<ul class=\"info\">\r\n\t\t\t\t\t\t\r\n\t\t\t\t\t\t\t\t<li class=\"item\">\r\n\r\n\t\t\t\t\t\t\t\t\t\t\t\t\t\t\t\t\t\t\t\t\t<a href=\"mailto:info@romancy.com \">\r\n\t\t\t\t\t\t\t\t\t\t\t\t\tcontact@hopeluxuryhotel.com\t\t\t\t\t\t\t\t\t\t\t\t<\/a>\r\n\t\t\t\t\t\t\t\t\t\t\t\t\t\t\t\t\t\t\t<\/li>\r\n\t\t\t\t\t\t\t\r\n\t\t\t\t\t\t\t\t\t\t\t<\/ul>\r\n\r\n\t\t\t\t<\/div>\r\n\r\n\t\t\t<\/div>\r\n\r\n\t\t\t\t\t\t<\/div>\n\t\t\t\t<\/div>\n\t\t\t\t<div class=\"elementor-element elementor-element-cebfbcb elementor-widget elementor-widget-romancy_elementor_contact_info\" data-id=\"cebfbcb\" data-element_type=\"widget\" data-e-type=\"widget\" data-widget_type=\"romancy_elementor_contact_info.default\">\n\t\t\t\t<div class=\"elementor-widget-container\">\n\t\t\t\t\t\r\n\t\t\t<div class=\"ova-contact-info\">\r\n\t\t\t\t\r\n\t\t\t\t\t\t\t\t\t<div class=\"icon\">\r\n\t\t\t\t\t\t<i aria-hidden=\"true\" class=\"ovaicon ovaicon-pin\"><\/i>\t\t\t\t\t<\/div>\t\r\n\t\t\t\t\t\t\t\t\r\n\r\n\t\t\t\t<div class=\"contact\">\r\n\t\t\t\t\t\r\n\t\t\t\t\t\t\t\t\t\t\t<div class=\"label\">\r\n\t\t\t\t\t\t\tAdresse\t\t\t\t\t\t<\/div>\r\n\t\t\t\t\t\r\n\t\t\t\t\t<ul class=\"info\">\r\n\t\t\t\t\t\t\r\n\t\t\t\t\t\t\t\t<li class=\"item\">\r\n\r\n\t\t\t\t\t\t\t\t\t<a href=\"https:\/\/goo.gl\/maps\/S3tsKjPo3ac5iip99\">Yaound\u00e9, Nomayos  <\/a>\t\t\t\t\t\t\t\t<\/li>\r\n\t\t\t\t\t\t\t\r\n\t\t\t\t\t\t\t\t\t\t\t<\/ul>\r\n\r\n\t\t\t\t<\/div>\r\n\r\n\t\t\t<\/div>\r\n\r\n\t\t\t\t\t\t<\/div>\n\t\t\t\t<\/div>\n\t\t\t\t\t<\/div>\n\t\t<\/div>\n\t\t\t\t<div class=\"elementor-column elementor-col-50 elementor-top-column elementor-element elementor-element-7048431\" data-id=\"7048431\" data-element_type=\"column\" data-e-type=\"column\">\n\t\t\t<div class=\"elementor-widget-wrap elementor-element-populated\">\n\t\t\t\t\t\t<div class=\"elementor-element elementor-element-b53c210 elementor-widget elementor-widget-heading\" data-id=\"b53c210\" data-element_type=\"widget\" data-e-type=\"widget\" data-widget_type=\"heading.default\">\n\t\t\t\t\t<h2 class=\"elementor-heading-title elementor-size-default\">Contactez-nous<\/h2>\t\t\t\t<\/div>\n\t\t\t\t<div class=\"elementor-element elementor-element-ee42df6 elementor-widget elementor-widget-shortcode\" data-id=\"ee42df6\" data-element_type=\"widget\" data-e-type=\"widget\" data-widget_type=\"shortcode.default\">\n\t\t\t\t\t\t\t<div class=\"elementor-shortcode\">\n<div class=\"wpcf7 no-js\" id=\"wpcf7-f566-o1\" lang=\"en-US\" dir=\"ltr\" data-wpcf7-id=\"566\">\n<div class=\"screen-reader-response\"><p role=\"status\" aria-live=\"polite\" aria-atomic=\"true\"><\/p> <ul><\/ul><\/div>\n<form action=\"\/fr\/wp-json\/wp\/v2\/pages\/4467#wpcf7-f566-o1\" method=\"post\" class=\"wpcf7-form init\" aria-label=\"Contact form\" novalidate=\"novalidate\" data-status=\"init\">\n<fieldset class=\"hidden-fields-container\"><input type=\"hidden\" name=\"_wpcf7\" value=\"566\" \/><input type=\"hidden\" name=\"_wpcf7_version\" value=\"6.1.5\" \/><input type=\"hidden\" name=\"_wpcf7_locale\" value=\"en_US\" \/><input type=\"hidden\" name=\"_wpcf7_unit_tag\" value=\"wpcf7-f566-o1\" \/><input type=\"hidden\" name=\"_wpcf7_container_post\" value=\"0\" \/><input type=\"hidden\" name=\"_wpcf7_posted_data_hash\" value=\"\" \/>\n<\/fieldset>\n<div class=\"ova-wpcf7 ova-wpcf7-customzie\">\n\t<div class=\"text-email\">\n\t\t<div class=\"ova-text\">\n\t\t\t<p><span class=\"wpcf7-form-control-wrap\" data-name=\"your-name\"><input size=\"40\" maxlength=\"400\" class=\"wpcf7-form-control wpcf7-text wpcf7-validates-as-required name\" aria-required=\"true\" aria-invalid=\"false\" placeholder=\"Your name *\" value=\"\" type=\"text\" name=\"your-name\" \/><\/span>\n\t\t\t<\/p>\n\t\t<\/div>\n\t\t<div class=\"ova-email\">\n\t\t\t<p><span class=\"wpcf7-form-control-wrap\" data-name=\"your-email\"><input size=\"40\" maxlength=\"400\" class=\"wpcf7-form-control wpcf7-email wpcf7-validates-as-required wpcf7-text wpcf7-validates-as-email email\" aria-required=\"true\" aria-invalid=\"false\" placeholder=\"Your email *\" value=\"\" type=\"email\" name=\"your-email\" \/><\/span>\n\t\t\t<\/p>\n\t\t<\/div>\n\t<\/div>\n\t<div class=\"text-email\">\n\t\t<div class=\"ova-text\">\n\t\t\t<p><span class=\"wpcf7-form-control-wrap\" data-name=\"yourphone\"><input size=\"40\" maxlength=\"400\" class=\"wpcf7-form-control wpcf7-tel wpcf7-validates-as-required wpcf7-text wpcf7-validates-as-tel name\" aria-required=\"true\" aria-invalid=\"false\" placeholder=\"Phone number *\" value=\"\" type=\"tel\" name=\"yourphone\" \/><\/span>\n\t\t\t<\/p>\n\t\t<\/div>\n\t\t<div class=\"ova-email\">\n\t\t\t<p><span class=\"wpcf7-form-control-wrap\" data-name=\"your-subject\"><input size=\"40\" maxlength=\"400\" class=\"wpcf7-form-control wpcf7-text wpcf7-validates-as-required email\" aria-required=\"true\" aria-invalid=\"false\" placeholder=\"Subject *\" value=\"\" type=\"text\" name=\"your-subject\" \/><\/span>\n\t\t\t<\/p>\n\t\t<\/div>\n\t<\/div>\n\t<div class=\"ova-textarea\">\n\t\t<p><span class=\"wpcf7-form-control-wrap\" data-name=\"your-message\"><textarea cols=\"40\" rows=\"10\" maxlength=\"2000\" class=\"wpcf7-form-control wpcf7-textarea wpcf7-validates-as-required comment\" aria-required=\"true\" aria-invalid=\"false\" placeholder=\"Message *\" name=\"your-message\"><\/textarea><\/span>\n\t\t<\/p>\n\t<\/div>\n\t<div class=\"ova-submit ova-contact-submit\">\n\t\t<p><button type=\"submit\" class=\"wpcf7-form-control has-spinner wpcf7-submit\"><span>Send Message<\/span><\/button>\n\t\t<\/p>\n\t<\/div>\n<\/div><div class=\"wpcf7-response-output\" aria-hidden=\"true\"><\/div>\n<\/form>\n<\/div>\n<\/div>\n\t\t\t\t\t\t<\/div>\n\t\t\t\t\t<\/div>\n\t\t<\/div>\n\t\t\t\t\t<\/div>\n\t\t<\/section>\n\t\t\t\t<section class=\"elementor-section elementor-top-section elementor-element elementor-element-3d663ce elementor-section-boxed elementor-section-height-default elementor-section-height-default\" data-id=\"3d663ce\" data-element_type=\"section\" data-e-type=\"section\">\n\t\t\t\t\t\t<div class=\"elementor-container elementor-column-gap-no\">\n\t\t\t\t\t<div class=\"elementor-column elementor-col-100 elementor-top-column elementor-element elementor-element-03d9a0c\" data-id=\"03d9a0c\" data-element_type=\"column\" data-e-type=\"column\">\n\t\t\t<div class=\"elementor-widget-wrap elementor-element-populated\">\n\t\t\t\t\t\t<div class=\"elementor-element elementor-element-9b3f73f elementor-widget elementor-widget-google_maps\" data-id=\"9b3f73f\" data-element_type=\"widget\" data-e-type=\"widget\" data-widget_type=\"google_maps.default\">\n\t\t\t\t\t\t\t<div class=\"elementor-custom-embed\">\n\t\t\t<iframe loading=\"lazy\"\n\t\t\t\t\tsrc=\"https:\/\/maps.google.com\/maps?q=Hope%20Luxury%20Hotel&#038;t=m&#038;z=14&#038;output=embed&#038;iwloc=near\"\n\t\t\t\t\ttitle=\"Hope Luxury Hotel\"\n\t\t\t\t\taria-label=\"Hope Luxury Hotel\"\n\t\t\t><\/iframe>\n\t\t<\/div>\n\t\t\t\t\t\t<\/div>\n\t\t\t\t\t<\/div>\n\t\t<\/div>\n\t\t\t\t\t<\/div>\n\t\t<\/section>\n\t\t\t\t<\/div>\n\t\t","protected":false},"excerpt":{"rendered":"<p>Hope Luxury Hotel Nous sommes ravis de vous accueillir et de vous assister pour vos demandes de renseignements, vos r\u00e9servations et vos r\u00e9servations d\u00e9v\u00e9nements. Que vous pr\u00e9voyiez un s\u00e9jour, une c\u00e9l\u00e9bration priv\u00e9e ou un \u00e9v\u00e9nement dentreprise, notre \u00e9quipe est pr\u00eate \u00e0 vous servir avec professionnalisme et excellence. R\u00e9servation +237 6 51 86 49 89 E-mail [&hellip;]<\/p>\n","protected":false},"author":1,"featured_media":0,"parent":0,"menu_order":0,"comment_status":"closed","ping_status":"closed","template":"elementor_header_footer","meta":{"_monsterinsights_skip_tracking":false,"_monsterinsights_sitenote_active":false,"_monsterinsights_sitenote_note":"","_monsterinsights_sitenote_category":0,"footnotes":""},"class_list":["post-4467","page","type-page","status-publish","hentry"],"aioseo_notices":[],"_hostinger_reach_plugin_has_subscription_block":false,"_hostinger_reach_plugin_is_elementor":false,"_links":{"self":[{"href":"https:\/\/hopeluxuryhotel.com\/fr\/wp-json\/wp\/v2\/pages\/4467","targetHints":{"allow":["GET"]}}],"collection":[{"href":"https:\/\/hopeluxuryhotel.com\/fr\/wp-json\/wp\/v2\/pages"}],"about":[{"href":"https:\/\/hopeluxuryhotel.com\/fr\/wp-json\/wp\/v2\/types\/page"}],"author":[{"embeddable":true,"href":"https:\/\/hopeluxuryhotel.com\/fr\/wp-json\/wp\/v2\/users\/1"}],"replies":[{"embeddable":true,"href":"https:\/\/hopeluxuryhotel.com\/fr\/wp-json\/wp\/v2\/comments?post=4467"}],"version-history":[{"count":2,"href":"https:\/\/hopeluxuryhotel.com\/fr\/wp-json\/wp\/v2\/pages\/4467\/revisions"}],"predecessor-version":[{"id":4587,"href":"https:\/\/hopeluxuryhotel.com\/fr\/wp-json\/wp\/v2\/pages\/4467\/revisions\/4587"}],"wp:attachment":[{"href":"https:\/\/hopeluxuryhotel.com\/fr\/wp-json\/wp\/v2\/media?parent=4467"}],"curies":[{"name":"wp","href":"https:\/\/api.w.org\/{rel}","templated":true}]}}