{"id":4489,"date":"2026-02-23T07:32:15","date_gmt":"2026-02-23T07:32:15","guid":{"rendered":"https:\/\/hopeluxuryhotel.com\/politique-de-confidentialite\/"},"modified":"2026-03-13T07:20:11","modified_gmt":"2026-03-13T07:20:11","slug":"politique-de-confidentialite","status":"publish","type":"page","link":"https:\/\/hopeluxuryhotel.com\/fr\/politique-de-confidentialite\/","title":{"rendered":"Politique de confidentialit\u00e9<br><br>"},"content":{"rendered":"\n<h2 class=\"wp-block-heading\">Qui sommes-nous<br\/><br\/><\/h2>\n\n<p>Hope Luxury Hotel est un \u00e9tablissement h\u00f4telier situ\u00e9 \u00e0 Yaound\u00e9, Cameroun, d\u00e9di\u00e9 \u00e0 offrir une exp\u00e9rience haut de gamme bas\u00e9e sur le confort, l\u2019\u00e9l\u00e9gance, l\u2019excellence et le luxe.<br\/><br\/><\/p>\n\n<p>Notre site internet est : <br\/><strong><a href=\"https:\/\/hopeluxuryhotel.com\/fr\/\">hopeluxuryhotel.com<\/a><\/strong><\/p>\n\n<p>\u00c0 travers ce site web, les visiteurs peuvent d\u00e9couvrir nos services, notamment les r\u00e9servations de chambres, les r\u00e9servations d\u2019acc\u00e8s \u00e0 la piscine, les services de restaurant, la location d\u2019espaces \u00e9v\u00e9nementiels ainsi que d\u2019autres prestations h\u00f4teli\u00e8res.<br\/><br\/><\/p>\n\n<hr class=\"wp-block-separator has-alpha-channel-opacity\"\/>\n\n<h2 class=\"wp-block-heading\">Commentaires<\/h2>\n\n<p>Lorsque les visiteurs laissent des commentaires sur notre site, nous collectons les informations indiqu\u00e9es dans le formulaire de commentaire, ainsi que l\u2019adresse IP du visiteur et les informations relatives \u00e0 son navigateur, afin de nous aider \u00e0 d\u00e9tecter et pr\u00e9venir les messages ind\u00e9sirables (spam).<br\/><br\/><\/p>\n\n<p>Une cha\u00eene anonymis\u00e9e cr\u00e9\u00e9e \u00e0 partir de votre adresse e-mail (appel\u00e9e \u00e9galement hash) peut \u00eatre envoy\u00e9e au service Gravatar pour v\u00e9rifier si vous l\u2019utilisez. La politique de confidentialit\u00e9 du service Gravatar est disponible ici :<br\/><br\/> <br\/><a href=\"https:\/\/automattic.com\/privacy\/\">https:\/\/automattic.com\/privacy\/<\/a><\/p>\n\n<p>https:\/\/automattic.com\/privacy\/<br\/>Apr\u00e8s validation de votre commentaire, votre photo de profil (si li\u00e9e \u00e0 Gravatar) peut \u00eatre visible publiquement \u00e0 c\u00f4t\u00e9 de votre commentaire.<br\/><br\/><\/p>\n\n<hr class=\"wp-block-separator has-alpha-channel-opacity\"\/>\n\n<h2 class=\"wp-block-heading\">M\u00e9dias<\/h2>\n\n<p>M\u00e9dias<br\/>Si vous t\u00e9l\u00e9chargez des images sur le site web (par exemple lors de la soumission de contenu ou de documents), nous vous recommandons d\u2019\u00e9viter les images contenant des donn\u00e9es de localisation int\u00e9gr\u00e9es (EXIF GPS). Les visiteurs du site peuvent t\u00e9l\u00e9charger et extraire les donn\u00e9es de localisation \u00e0 partir des images disponibles publiquement.<br\/><br\/> <\/p>\n\n<hr class=\"wp-block-separator has-alpha-channel-opacity\"\/>\n\n<h2 class=\"wp-block-heading\">Cookies<\/h2>\n\n<p>Si vous laissez un commentaire sur notre site, vous pouvez choisir d\u2019enregistrer votre nom, votre adresse e-mail et votre site web dans des cookies. Cela est destin\u00e9 \u00e0 votre confort afin que vous n\u2019ayez pas \u00e0 saisir \u00e0 nouveau ces informations lorsque vous laissez un autre commentaire. Ces cookies peuvent \u00eatre conserv\u00e9s pendant un an.<br\/><br\/>  <\/p>\n\n<p>Si vous visitez notre page de connexion, un cookie temporaire sera cr\u00e9\u00e9 afin de v\u00e9rifier si votre navigateur accepte les cookies. Ce cookie ne contient aucune donn\u00e9e personnelle et sera supprim\u00e9 lorsque vous fermerez votre navigateur.<br\/><br\/> <\/p>\n\n<p>Lorsque vous vous connectez \u00e0 votre compte, nous mettons en place plusieurs cookies pour enregistrer vos informations de connexion et vos pr\u00e9f\u00e9rences d\u2019affichage. Les cookies de connexion durent g\u00e9n\u00e9ralement deux jours, tandis que les cookies d\u2019options d\u2019\u00e9cran peuvent durer un an. Si vous s\u00e9lectionnez \u00ab Se souvenir de moi \u00bb, votre connexion pourra rester active pendant deux semaines. Si vous vous d\u00e9connectez de votre compte, les cookies de connexion seront supprim\u00e9s.<br\/><br\/>   <\/p>\n\n<p>Si vous modifiez ou publiez un article, un cookie suppl\u00e9mentaire sera enregistr\u00e9 dans votre navigateur. Ce cookie ne contient aucune donn\u00e9e personnelle et indique simplement l\u2019identifiant de l\u2019article que vous venez de modifier. Il expire apr\u00e8s un jour.<br\/><br\/>  <\/p>\n\n<hr class=\"wp-block-separator has-alpha-channel-opacity\"\/>\n\n<h2 class=\"wp-block-heading\">Contenu int\u00e9gr\u00e9 provenant d\u2019autres sites web<br\/><br\/><\/h2>\n\n<p>Les articles ou pages de ce site peuvent inclure du contenu int\u00e9gr\u00e9, comme des vid\u00e9os, images, cartes ou articles provenant d\u2019autres sites web.<br\/><br\/><\/p>\n\n<p>Le contenu int\u00e9gr\u00e9 se comporte exactement de la m\u00eame mani\u00e8re que si le visiteur avait visit\u00e9 directement l\u2019autre site web. Ces sites peuvent collecter des donn\u00e9es vous concernant, utiliser des cookies, int\u00e9grer des outils de suivi tiers et surveiller vos interactions avec ce contenu, notamment si vous disposez d\u2019un compte et \u00eates connect\u00e9 \u00e0 leur plateforme.<br\/><br\/> <\/p>\n\n<hr class=\"wp-block-separator has-alpha-channel-opacity\"\/>\n\n<h2 class=\"wp-block-heading\">Avec qui nous partageons vos donn\u00e9es<\/h2>\n\n<p>Hope Luxury Hotel ne vend ni ne loue les donn\u00e9es personnelles \u00e0 des tiers.<br\/><br\/><\/p>\n\n<p>Si vous demandez une r\u00e9initialisation de mot de passe, votre adresse IP peut \u00eatre incluse dans l\u2019e-mail de r\u00e9initialisation pour des raisons de s\u00e9curit\u00e9.<br\/><br\/><\/p>\n\n<p>Certaines informations peuvent \u00e9galement \u00eatre trait\u00e9es par des prestataires de confiance impliqu\u00e9s dans le fonctionnement du site web, tels que les services de d\u00e9tection de spam, les syst\u00e8mes de r\u00e9servation ou les outils de s\u00e9curit\u00e9.<br\/><br\/><\/p>\n\n<hr class=\"wp-block-separator has-alpha-channel-opacity\"\/>\n\n<h2 class=\"wp-block-heading\">Dur\u00e9e de conservation de vos donn\u00e9es<br\/><br\/><\/h2>\n\n<p>Si vous laissez un commentaire, le commentaire et ses m\u00e9tadonn\u00e9es peuvent \u00eatre conserv\u00e9s ind\u00e9finiment. Cela nous permet de reconna\u00eetre et approuver automatiquement les commentaires suivants au lieu de les maintenir dans une file de mod\u00e9ration.<br\/><br\/> <\/p>\n\n<p>Pour les utilisateurs qui s\u2019inscrivent sur notre site (par exemple pour g\u00e9rer des r\u00e9servations ou des services), les informations personnelles fournies dans leur profil utilisateur sont conserv\u00e9es de mani\u00e8re s\u00e9curis\u00e9e. Les utilisateurs peuvent voir, modifier ou supprimer leurs informations personnelles \u00e0 tout moment (\u00e0 l\u2019exception de leur nom d\u2019utilisateur). Les administrateurs du site peuvent \u00e9galement consulter et modifier ces informations si n\u00e9cessaire.<br\/><br\/>  <\/p>\n\n<hr class=\"wp-block-separator has-alpha-channel-opacity\"\/>\n\n<h2 class=\"wp-block-heading\">Vos droits concernant vos donn\u00e9es<br\/><br\/><\/h2>\n\n<p>Si vous poss\u00e9dez un compte sur ce site ou si vous avez laiss\u00e9 des commentaires, vous pouvez demander \u00e0 recevoir un fichier contenant toutes les donn\u00e9es personnelles que nous d\u00e9tenons \u00e0 votre sujet, y compris celles que vous nous avez fournies.<br\/><br\/><\/p>\n\n<p>Vous pouvez \u00e9galement demander la suppression de vos donn\u00e9es personnelles. Cela n\u2019inclut pas les donn\u00e9es que nous sommes oblig\u00e9s de conserver pour des raisons administratives, juridiques ou de s\u00e9curit\u00e9.<br\/><br\/> <\/p>\n\n<hr class=\"wp-block-separator has-alpha-channel-opacity\"\/>\n\n<h2 class=\"wp-block-heading\">O\u00f9 vos donn\u00e9es sont envoy\u00e9es<br\/><br\/><\/h2>\n\n<p>Les commentaires des visiteurs peuvent \u00eatre v\u00e9rifi\u00e9s par un service automatis\u00e9 de d\u00e9tection de spam afin d\u2019assurer la s\u00e9curit\u00e9 et l\u2019int\u00e9grit\u00e9 du site web.<br\/><br\/><\/p>\n\n<hr class=\"wp-block-separator has-alpha-channel-opacity\"\/>\n\n<p>Si vous avez des questions concernant cette politique de confidentialit\u00e9 ou sur la mani\u00e8re dont vos donn\u00e9es sont utilis\u00e9es, vous pouvez contacter Hope Luxury Hotel via la page de contact du site web.<\/p>\n","protected":false},"excerpt":{"rendered":"<p>Qui sommes-nous Hope Luxury Hotel est un \u00e9tablissement h\u00f4telier situ\u00e9 \u00e0 Yaound\u00e9, Cameroun, d\u00e9di\u00e9 \u00e0 offrir une exp\u00e9rience haut de gamme bas\u00e9e sur le confort, l\u2019\u00e9l\u00e9gance, l\u2019excellence et le luxe. Notre site internet est : hopeluxuryhotel.com \u00c0 travers ce site web, les visiteurs peuvent d\u00e9couvrir nos services, notamment les r\u00e9servations de chambres, les r\u00e9servations d\u2019acc\u00e8s [&hellip;]<\/p>\n","protected":false},"author":1,"featured_media":0,"parent":0,"menu_order":0,"comment_status":"closed","ping_status":"open","template":"","meta":{"_monsterinsights_skip_tracking":false,"_monsterinsights_sitenote_active":false,"_monsterinsights_sitenote_note":"","_monsterinsights_sitenote_category":0,"footnotes":""},"class_list":["post-4489","page","type-page","status-publish","hentry"],"aioseo_notices":[],"_hostinger_reach_plugin_has_subscription_block":false,"_hostinger_reach_plugin_is_elementor":false,"_links":{"self":[{"href":"https:\/\/hopeluxuryhotel.com\/fr\/wp-json\/wp\/v2\/pages\/4489","targetHints":{"allow":["GET"]}}],"collection":[{"href":"https:\/\/hopeluxuryhotel.com\/fr\/wp-json\/wp\/v2\/pages"}],"about":[{"href":"https:\/\/hopeluxuryhotel.com\/fr\/wp-json\/wp\/v2\/types\/page"}],"author":[{"embeddable":true,"href":"https:\/\/hopeluxuryhotel.com\/fr\/wp-json\/wp\/v2\/users\/1"}],"replies":[{"embeddable":true,"href":"https:\/\/hopeluxuryhotel.com\/fr\/wp-json\/wp\/v2\/comments?post=4489"}],"version-history":[{"count":1,"href":"https:\/\/hopeluxuryhotel.com\/fr\/wp-json\/wp\/v2\/pages\/4489\/revisions"}],"predecessor-version":[{"id":4490,"href":"https:\/\/hopeluxuryhotel.com\/fr\/wp-json\/wp\/v2\/pages\/4489\/revisions\/4490"}],"wp:attachment":[{"href":"https:\/\/hopeluxuryhotel.com\/fr\/wp-json\/wp\/v2\/media?parent=4489"}],"curies":[{"name":"wp","href":"https:\/\/api.w.org\/{rel}","templated":true}]}}