{"id":4444,"date":"2022-08-23T02:28:52","date_gmt":"2022-08-23T02:28:52","guid":{"rendered":"https:\/\/hopeluxuryhotel.com\/product\/vip-standard\/"},"modified":"2026-03-21T14:57:34","modified_gmt":"2026-03-21T14:57:34","slug":"vip-standard","status":"publish","type":"product","link":"https:\/\/hopeluxuryhotel.com\/fr\/produit\/vip-standard\/","title":{"rendered":"VIP Standard"},"content":{"rendered":"<p data-start=\"123\" data-end=\"405\">La <strong data-start=\"127\" data-end=\"148\">Chambre VIP Standard<\/strong> du <strong data-start=\"152\" data-end=\"173\">Hope Luxury Hotel<\/strong> offre un m\u00e9lange parfait de <strong data-start=\"200\" data-end=\"240\">confort, d\u2019\u00e9l\u00e9gance et de fonctionnalit\u00e9<\/strong>. Compacte mais magnifiquement meubl\u00e9e, cette chambre est con\u00e7ue pour offrir une atmosph\u00e8re relaxante et raffin\u00e9e aux <strong data-start=\"348\" data-end=\"380\">voyageurs en solo ou aux couples<\/strong> en qu\u00eate d\u2019un s\u00e9jour paisible. <\/p>\n<p data-start=\"123\" data-end=\"405\">D\u2019une superficie de <strong data-start=\"706\" data-end=\"716\">26 m\u00b2<\/strong>, la Chambre VIP Standard offre tout le n\u00e9cessaire pour un s\u00e9jour confortable, que vous soyez en voyage d\u2019<strong data-start=\"820\" data-end=\"843\">affaires ou d\u2019agr\u00e9ment<\/strong>. <strong data-start=\"845\" data-end=\"902\">Le petit-d\u00e9jeuner est inclus pour chaque s\u00e9jour<\/strong>, permettant aux clients de commencer leur journ\u00e9e avec un repas d\u00e9licieux et rafra\u00eechissant.<\/p>\n<h2 data-start=\"1489\" data-end=\"1516\">Caract\u00e9ristiques de la salle de bain<\/h2>\n<p data-start=\"1518\" data-end=\"1630\">\u2022 Salle de bain attenante avec douche \u00e0 effet pluie<br data-start=\"1553\" data-end=\"1556\">\u2022 Serviettes<br data-start=\"1564\" data-end=\"1567\">\u2022 S\u00e8che-cheveux<br data-start=\"1579\" data-end=\"1582\">\u2022 Produits de toilette<br data-start=\"1594\" data-end=\"1597\">\u2022 Peignoir et chaussons de chambre<\/p>\n","protected":false},"excerpt":{"rendered":"<p><strong data-start=\"1000\" data-end=\"1014\">Occupation :<\/strong> 1 \u2013 2 personnes<br data-start=\"1027\" data-end=\"1030\"><strong data-start=\"1030\" data-end=\"1044\">Vue :<\/strong> Vue sur l&rsquo;h\u00f4tel et la ville<br data-start=\"1064\" data-end=\"1067\"><strong data-start=\"1067\" data-end=\"1080\">Type de lit :<\/strong> Lit queen size<br data-start=\"1095\" data-end=\"1098\"><strong data-start=\"1122\" data-end=\"1136\">Petit-d\u00e9jeuner :<\/strong> Petit-d\u00e9jeuner offert<br \/>\nB\u00e9n\u00e9ficiez de 50 % de r\u00e9duction <b data-path-to-node=\"2,0\" data-index-in-node=\"44\">(appliqu\u00e9e automatiquement lors du paiement) <\/b>sur les r\u00e9servations anticip\u00e9es<br \/>\nInauguration : <strong>18, 19 et 20<\/strong> d\u00e9cembre 2026<\/p>\n","protected":false},"featured_media":4429,"comment_status":"open","ping_status":"closed","template":"","meta":{"_monsterinsights_skip_tracking":false,"_monsterinsights_sitenote_active":false,"_monsterinsights_sitenote_note":"","_monsterinsights_sitenote_category":0},"product_brand":[],"product_cat":[69],"product_tag":[],"class_list":{"0":"post-4444","1":"product","2":"type-product","3":"status-publish","4":"has-post-thumbnail","6":"product_cat-chambres","8":"first","9":"instock","10":"sale","11":"shipping-taxable","12":"purchasable","13":"product-type-ovabrw_car_rental"},"booking_location":null,"booking_location_type":null,"booking_duration":null,"booking_duration_unit":null,"booking_buffer":null,"booking_cost":null,"booking_resources":null,"aioseo_notices":[],"_links":{"self":[{"href":"https:\/\/hopeluxuryhotel.com\/fr\/wp-json\/wp\/v2\/product\/4444","targetHints":{"allow":["GET"]}}],"collection":[{"href":"https:\/\/hopeluxuryhotel.com\/fr\/wp-json\/wp\/v2\/product"}],"about":[{"href":"https:\/\/hopeluxuryhotel.com\/fr\/wp-json\/wp\/v2\/types\/product"}],"replies":[{"embeddable":true,"href":"https:\/\/hopeluxuryhotel.com\/fr\/wp-json\/wp\/v2\/comments?post=4444"}],"wp:featuredmedia":[{"embeddable":true,"href":"https:\/\/hopeluxuryhotel.com\/fr\/wp-json\/wp\/v2\/media\/4429"}],"wp:attachment":[{"href":"https:\/\/hopeluxuryhotel.com\/fr\/wp-json\/wp\/v2\/media?parent=4444"}],"wp:term":[{"taxonomy":"product_brand","embeddable":true,"href":"https:\/\/hopeluxuryhotel.com\/fr\/wp-json\/wp\/v2\/product_brand?post=4444"},{"taxonomy":"product_cat","embeddable":true,"href":"https:\/\/hopeluxuryhotel.com\/fr\/wp-json\/wp\/v2\/product_cat?post=4444"},{"taxonomy":"product_tag","embeddable":true,"href":"https:\/\/hopeluxuryhotel.com\/fr\/wp-json\/wp\/v2\/product_tag?post=4444"}],"curies":[{"name":"wp","href":"https:\/\/api.w.org\/{rel}","templated":true}]}}