{"id":4530,"date":"2022-08-22T10:22:03","date_gmt":"2022-08-22T10:22:03","guid":{"rendered":"https:\/\/hopeluxuryhotel.com\/product\/penthouse\/"},"modified":"2026-03-21T14:57:38","modified_gmt":"2026-03-21T14:57:38","slug":"penthouse","status":"publish","type":"product","link":"https:\/\/hopeluxuryhotel.com\/fr\/produit\/penthouse\/","title":{"rendered":"Penthouse"},"content":{"rendered":"<p data-start=\"170\" data-end=\"468\">Le <strong data-start=\"174\" data-end=\"205\">Penthouse du Hope Luxury Hotel<\/strong> est l\u2019expression ultime du <strong data-start=\"244\" data-end=\"277\">confort, de l\u2019\u00e9l\u00e9gance et du luxe<\/strong>. Situ\u00e9 au sommet de l\u2019h\u00f4tel, cet exceptionnel <strong data-start=\"329\" data-end=\"362\">penthouse de deux chambres de 150 m\u00b2<\/strong> offre une exp\u00e9rience exclusive con\u00e7ue pour les clients appr\u00e9ciant l\u2019espace, l\u2019intimit\u00e9 et des vues imprenables. <\/p>\n<p data-start=\"470\" data-end=\"776\">Meubl\u00e9 avec raffinement et dot\u00e9 de <strong data-start=\"497\" data-end=\"519\">deux lits king-size<\/strong>, ce superbe appartement en hauteur allie luxe moderne et atmosph\u00e8re chaleureuse. De grandes baies vitr\u00e9es r\u00e9v\u00e8lent des <strong data-start=\"635\" data-end=\"720\">vues panoramiques spectaculaires sur l\u2019h\u00f4tel, la ville et les montagnes environnantes<\/strong>, cr\u00e9ant un cadre unique et m\u00e9morable pour votre s\u00e9jour. <\/p>\n<p data-start=\"1017\" data-end=\"1256\">Id\u00e9al pour les familles, les groupes ou les clients VIP, le penthouse peut accueillir <strong data-start=\"1092\" data-end=\"1126\">jusqu\u2019\u00e0 huit personnes confortablement<\/strong>. <strong data-start=\"1128\" data-end=\"1185\">Le petit-d\u00e9jeuner est offert pour chaque s\u00e9jour<\/strong>, permettant aux clients de commencer la journ\u00e9e avec un repas d\u00e9licieux et \u00e9nergisant.<\/p>\n<h2 data-start=\"1790\" data-end=\"1809\">\u00c9quipements de la cuisine<\/h2>\n<p data-start=\"1811\" data-end=\"1929\">\u2022 Mini-r\u00e9frig\u00e9rateur et micro-ondes<br data-start=\"1844\" data-end=\"1847\">\u2022 Eau potable purifi\u00e9e par RO\/UV<br data-start=\"1878\" data-end=\"1881\">\u2022 Bouilloire \u00e9lectrique<br data-start=\"1898\" data-end=\"1901\">\u2022 Machine \u00e0 caf\u00e9 Nespresso<\/p>\n<h2 data-start=\"1936\" data-end=\"1963\">Caract\u00e9ristiques de la salle de bain<\/h2>\n<p data-start=\"1965\" data-end=\"2093\">\u2022 Salles de bain attenantes avec douches \u00e0 effet pluie<br data-start=\"2002\" data-end=\"2005\">\u2022 Serviettes<br data-start=\"2013\" data-end=\"2016\">\u2022 S\u00e8che-cheveux<br data-start=\"2028\" data-end=\"2031\">\u2022 Produits de toilette<br data-start=\"2043\" data-end=\"2046\">\u2022 Peignoirs et chaussons<br data-start=\"2078\" data-end=\"2081\">\u2022 Baignoires<\/p>\n","protected":false},"excerpt":{"rendered":"<p><strong data-start=\"1285\" data-end=\"1299\">Occupation&nbsp;:<\/strong> 1 \u00e0 8&nbsp;personnes<br data-start=\"1312\" data-end=\"1315\"><strong data-start=\"1315\" data-end=\"1329\">Vue de la chambre&nbsp;:<\/strong> vue sur l\u2019h\u00f4tel, la ville et les montagnes<br data-start=\"1359\" data-end=\"1362\"><strong data-start=\"1362\" data-end=\"1375\">Type de lit&nbsp;:<\/strong> deux lits king size<br data-start=\"1394\" data-end=\"1397\"><strong data-start=\"1422\" data-end=\"1436\">Petit-d\u00e9jeuner&nbsp;:<\/strong> petit-d\u00e9jeuner offert inclus<\/p>\n<p>B\u00e9n\u00e9ficiez de -50&nbsp;% <b data-path-to-node=\"2,0\" data-index-in-node=\"44\">(appliqu\u00e9 automatiquement lors du paiement) <\/b>sur la r\u00e9servation anticip\u00e9e<br \/>\nGrande ouverture&nbsp;: <strong>18, 19 et 20<\/strong> d\u00e9cembre&nbsp;2026<\/p>\n","protected":false},"featured_media":4442,"comment_status":"open","ping_status":"closed","template":"","meta":{"_monsterinsights_skip_tracking":false,"_monsterinsights_sitenote_active":false,"_monsterinsights_sitenote_note":"","_monsterinsights_sitenote_category":0},"product_brand":[],"product_cat":[69],"product_tag":[],"class_list":{"0":"post-4530","1":"product","2":"type-product","3":"status-publish","4":"has-post-thumbnail","6":"product_cat-chambres","8":"first","9":"instock","10":"sale","11":"featured","12":"shipping-taxable","13":"purchasable","14":"product-type-ovabrw_car_rental"},"booking_location":null,"booking_location_type":null,"booking_duration":null,"booking_duration_unit":null,"booking_buffer":null,"booking_cost":null,"booking_resources":null,"aioseo_notices":[],"_links":{"self":[{"href":"https:\/\/hopeluxuryhotel.com\/fr\/wp-json\/wp\/v2\/product\/4530","targetHints":{"allow":["GET"]}}],"collection":[{"href":"https:\/\/hopeluxuryhotel.com\/fr\/wp-json\/wp\/v2\/product"}],"about":[{"href":"https:\/\/hopeluxuryhotel.com\/fr\/wp-json\/wp\/v2\/types\/product"}],"replies":[{"embeddable":true,"href":"https:\/\/hopeluxuryhotel.com\/fr\/wp-json\/wp\/v2\/comments?post=4530"}],"wp:featuredmedia":[{"embeddable":true,"href":"https:\/\/hopeluxuryhotel.com\/fr\/wp-json\/wp\/v2\/media\/4442"}],"wp:attachment":[{"href":"https:\/\/hopeluxuryhotel.com\/fr\/wp-json\/wp\/v2\/media?parent=4530"}],"wp:term":[{"taxonomy":"product_brand","embeddable":true,"href":"https:\/\/hopeluxuryhotel.com\/fr\/wp-json\/wp\/v2\/product_brand?post=4530"},{"taxonomy":"product_cat","embeddable":true,"href":"https:\/\/hopeluxuryhotel.com\/fr\/wp-json\/wp\/v2\/product_cat?post=4530"},{"taxonomy":"product_tag","embeddable":true,"href":"https:\/\/hopeluxuryhotel.com\/fr\/wp-json\/wp\/v2\/product_tag?post=4530"}],"curies":[{"name":"wp","href":"https:\/\/api.w.org\/{rel}","templated":true}]}}