{"id":4536,"date":"2022-08-22T10:23:50","date_gmt":"2022-08-22T10:23:50","guid":{"rendered":"https:\/\/hopeluxuryhotel.com\/product\/la-suite-premiere-vip-disponible\/"},"modified":"2026-03-21T14:57:37","modified_gmt":"2026-03-21T14:57:37","slug":"la-suite-premiere-vip-disponible","status":"publish","type":"product","link":"https:\/\/hopeluxuryhotel.com\/fr\/produit\/la-suite-premiere-vip-disponible\/","title":{"rendered":"La suite premi\u00e8re VIP disponible"},"content":{"rendered":"<p data-start=\"190\" data-end=\"468\">La <strong data-start=\"194\" data-end=\"216\">Suite VIP Premi\u00e8re<\/strong> de l\u2019<strong data-start=\"220\" data-end=\"241\">Hope Luxury Hotel<\/strong> offre une alliance luxueuse d\u2019<strong data-start=\"276\" data-end=\"315\">espace, d\u2019intimit\u00e9 et de confort raffin\u00e9<\/strong>. Con\u00e7ue pour les h\u00f4tes qui appr\u00e9cient l\u2019\u00e9l\u00e9gance et un espace suppl\u00e9mentaire pour se d\u00e9tendre, cette suite spacieuse offre un cadre id\u00e9al pour les s\u00e9jours de loisirs comme pour les longs s\u00e9jours. <\/p>\n<p data-start=\"816\" data-end=\"1129\">De grandes fen\u00eatres offrent de <strong data-start=\"838\" data-end=\"911\">superbes vues sur l\u2019h\u00f4tel, la ville et les montagnes environnantes<\/strong>, baignant la suite de lumi\u00e8re naturelle et cr\u00e9ant une atmosph\u00e8re paisible propice \u00e0 la d\u00e9tente. <strong data-start=\"1001\" data-end=\"1058\">Un petit-d\u00e9jeuner offert est inclus \u00e0 chaque s\u00e9jour<\/strong>, pour bien commencer la journ\u00e9e avec un repas d\u00e9licieux et rafra\u00eechissant.<\/p>\n<hr data-start=\"1545\" data-end=\"1548\">\n<h2 data-start=\"1550\" data-end=\"1569\">\u00c9quipements de la cuisine<\/h2>\n<p data-start=\"1571\" data-end=\"1689\">\u2022 Mini-r\u00e9frig\u00e9rateur et micro-ondes<br data-start=\"1604\" data-end=\"1607\">\u2022 Eau potable purifi\u00e9e par RO\/UV<br data-start=\"1638\" data-end=\"1641\">\u2022 Bouilloire \u00e9lectrique<br data-start=\"1658\" data-end=\"1661\">\u2022 Machine \u00e0 caf\u00e9 Nespresso<\/p>\n<h2 data-start=\"1696\" data-end=\"1723\">Caract\u00e9ristiques de la salle de bain<\/h2>\n<p data-start=\"1725\" data-end=\"1837\">\u2022 Salle de bain attenante avec douche \u00e0 effet pluie<br data-start=\"1760\" data-end=\"1763\">\u2022 Serviettes<br data-start=\"1771\" data-end=\"1774\">\u2022 S\u00e8che-cheveux<br data-start=\"1786\" data-end=\"1789\">\u2022 Articles de toilette<br data-start=\"1801\" data-end=\"1804\">\u2022 Peignoir et chaussons de chambre<\/p>\n<h2 data-start=\"1844\" data-end=\"1860\">Divertissement<\/h2>\n<p data-start=\"1862\" data-end=\"1964\">\u2022 Syst\u00e8me de divertissement \u00e0 domicile complet<br data-start=\"1903\" data-end=\"1906\">\u2022 Smart TV LCD<br data-start=\"1920\" data-end=\"1923\">\u2022 Acc\u00e8s Wi-Fi haut d\u00e9bit gratuit<\/p>\n","protected":false},"excerpt":{"rendered":"<p><strong data-start=\"1154\" data-end=\"1168\">Occupation :<\/strong> 1 \u00e0 4 personnes<br data-start=\"1181\" data-end=\"1184\"><strong data-start=\"1184\" data-end=\"1198\">Vue de la chambre :<\/strong> H\u00f4tel, ville et montagne<br data-start=\"1228\" data-end=\"1231\"><strong data-start=\"1231\" data-end=\"1244\">Type de lit :<\/strong> Lit King Size<br data-start=\"1258\" data-end=\"1261\"><strong data-start=\"1285\" data-end=\"1299\">Petit-d\u00e9jeuner :<\/strong> Petit-d\u00e9jeuner inclus<\/p>\n<p>B\u00e9n\u00e9ficiez de 50 % de r\u00e9duction <b data-path-to-node=\"2,0\" data-index-in-node=\"44\">(appliqu\u00e9e automatiquement au moment du paiement) <\/b>pour toute r\u00e9servation anticip\u00e9e<br \/>\nGrande ouverture : <strong>18, 19 et 20<\/strong> d\u00e9cembre 2026<\/p>\n","protected":false},"featured_media":4432,"comment_status":"open","ping_status":"closed","template":"","meta":{"_monsterinsights_skip_tracking":false,"_monsterinsights_sitenote_active":false,"_monsterinsights_sitenote_note":"","_monsterinsights_sitenote_category":0},"product_brand":[],"product_cat":[69],"product_tag":[],"class_list":{"0":"post-4536","1":"product","2":"type-product","3":"status-publish","4":"has-post-thumbnail","6":"product_cat-chambres","8":"first","9":"instock","10":"sale","11":"featured","12":"shipping-taxable","13":"purchasable","14":"product-type-ovabrw_car_rental"},"booking_location":null,"booking_location_type":null,"booking_duration":null,"booking_duration_unit":null,"booking_buffer":null,"booking_cost":null,"booking_resources":null,"aioseo_notices":[],"_links":{"self":[{"href":"https:\/\/hopeluxuryhotel.com\/fr\/wp-json\/wp\/v2\/product\/4536","targetHints":{"allow":["GET"]}}],"collection":[{"href":"https:\/\/hopeluxuryhotel.com\/fr\/wp-json\/wp\/v2\/product"}],"about":[{"href":"https:\/\/hopeluxuryhotel.com\/fr\/wp-json\/wp\/v2\/types\/product"}],"replies":[{"embeddable":true,"href":"https:\/\/hopeluxuryhotel.com\/fr\/wp-json\/wp\/v2\/comments?post=4536"}],"wp:featuredmedia":[{"embeddable":true,"href":"https:\/\/hopeluxuryhotel.com\/fr\/wp-json\/wp\/v2\/media\/4432"}],"wp:attachment":[{"href":"https:\/\/hopeluxuryhotel.com\/fr\/wp-json\/wp\/v2\/media?parent=4536"}],"wp:term":[{"taxonomy":"product_brand","embeddable":true,"href":"https:\/\/hopeluxuryhotel.com\/fr\/wp-json\/wp\/v2\/product_brand?post=4536"},{"taxonomy":"product_cat","embeddable":true,"href":"https:\/\/hopeluxuryhotel.com\/fr\/wp-json\/wp\/v2\/product_cat?post=4536"},{"taxonomy":"product_tag","embeddable":true,"href":"https:\/\/hopeluxuryhotel.com\/fr\/wp-json\/wp\/v2\/product_tag?post=4536"}],"curies":[{"name":"wp","href":"https:\/\/api.w.org\/{rel}","templated":true}]}}