{"id":4541,"date":"2022-08-23T02:18:44","date_gmt":"2022-08-23T02:18:44","guid":{"rendered":"https:\/\/hopeluxuryhotel.com\/product\/executive-vip\/"},"modified":"2026-03-21T14:57:36","modified_gmt":"2026-03-21T14:57:36","slug":"executive-vip","status":"publish","type":"product","link":"https:\/\/hopeluxuryhotel.com\/fr\/produit\/executive-vip\/","title":{"rendered":"Executive VIP"},"content":{"rendered":"<p data-start=\"125\" data-end=\"434\">La <strong data-start=\"129\" data-end=\"151\">chambre Executive VIP<\/strong> du <strong data-start=\"155\" data-end=\"176\">Hope Luxury Hotel<\/strong> offre une combinaison exceptionnelle d\u2019<strong data-start=\"214\" data-end=\"255\">espace, d\u2019intimit\u00e9, d\u2019\u00e9l\u00e9gance et de confort<\/strong>. Con\u00e7ue pour les clients en qu\u00eate d\u2019un s\u00e9jour plus spacieux et raffin\u00e9. <\/p>\n<p data-start=\"436\" data-end=\"719\">D\u2019une superficie de <strong data-start=\"445\" data-end=\"455\">80 m\u00b2<\/strong>, cette \u00e9l\u00e9gante chambre de type appartement offre un vaste espace pour <strong data-start=\"514\" data-end=\"536\">jusqu\u2019\u00e0 trois clients<\/strong>. Elle dispose d\u2019un confortable <strong data-start=\"564\" data-end=\"581\">lit king-size<\/strong>, d\u2019une <strong data-start=\"585\" data-end=\"614\">kitchenette bien \u00e9quip\u00e9e<\/strong> et d\u2019un <strong data-start=\"631\" data-end=\"660\">syst\u00e8me complet de divertissement \u00e0 domicile<\/strong>, pour vous garantir confort et d\u00e9tente tout au long de votre s\u00e9jour. <\/p>\n<p data-start=\"721\" data-end=\"1003\">De grandes fen\u00eatres offrent de <strong data-start=\"741\" data-end=\"824\">superbes vues panoramiques sur l\u2019h\u00f4tel, la ville et les montagnes environnantes<\/strong>. <strong data-start=\"872\" data-end=\"929\">Un petit-d\u00e9jeuner offert est inclus \u00e0 chaque s\u00e9jour.<\/strong><\/p>\n<h2 data-start=\"1422\" data-end=\"1441\">\u00c9quipements de la cuisine<\/h2>\n<p data-start=\"1443\" data-end=\"1561\">\u2022 Mini-r\u00e9frig\u00e9rateur et micro-ondes<br data-start=\"1476\" data-end=\"1479\">\u2022 Eau potable purifi\u00e9e par RO\/UV<br data-start=\"1510\" data-end=\"1513\">\u2022 Bouilloire \u00e9lectrique<br data-start=\"1530\" data-end=\"1533\">\u2022 Machine \u00e0 caf\u00e9 Nespresso<\/p>\n<hr data-start=\"1563\" data-end=\"1566\">\n<h2 data-start=\"1568\" data-end=\"1595\">Caract\u00e9ristiques de la salle de bain<\/h2>\n<p data-start=\"1597\" data-end=\"1709\">\u2022 Salle de bains attenante avec douche \u00e0 effet pluie<br data-start=\"1632\" data-end=\"1635\">\u2022 Serviettes<br data-start=\"1643\" data-end=\"1646\">\u2022 S\u00e8che-cheveux<br data-start=\"1658\" data-end=\"1661\">\u2022 Articles de toilette<br data-start=\"1673\" data-end=\"1676\">\u2022 Peignoir et chaussons de chambre<\/p>\n","protected":false},"excerpt":{"rendered":"<p><strong data-start=\"1027\" data-end=\"1041\">Occupation :<\/strong> 1 \u00e0 3 personnes<br data-start=\"1054\" data-end=\"1057\"><strong data-start=\"1057\" data-end=\"1071\">Vue de la chambre :<\/strong> H\u00f4tel, ville et montagne<br data-start=\"1101\" data-end=\"1104\"><strong data-start=\"1104\" data-end=\"1117\">Type de lit :<\/strong> Lit King Size<br data-start=\"1131\" data-end=\"1134\"><strong data-start=\"1158\" data-end=\"1172\">Petit-d\u00e9jeuner :<\/strong> Petit-d\u00e9jeuner gratuit inclus<\/p>\n<p>B\u00e9n\u00e9ficiez de 50 % de r\u00e9duction <b data-path-to-node=\"2,0\" data-index-in-node=\"44\">(appliqu\u00e9e automatiquement lors du paiement) <\/b>pour toute r\u00e9servation anticip\u00e9e<br \/>\nGrande ouverture : <strong>18, 19 &amp; 20<\/strong> d\u00e9cembre 2026<\/p>\n","protected":false},"featured_media":4437,"comment_status":"open","ping_status":"closed","template":"","meta":{"_monsterinsights_skip_tracking":false,"_monsterinsights_sitenote_active":false,"_monsterinsights_sitenote_note":"","_monsterinsights_sitenote_category":0},"product_brand":[],"product_cat":[69],"product_tag":[],"class_list":{"0":"post-4541","1":"product","2":"type-product","3":"status-publish","4":"has-post-thumbnail","6":"product_cat-chambres","8":"first","9":"instock","10":"sale","11":"featured","12":"shipping-taxable","13":"purchasable","14":"product-type-ovabrw_car_rental"},"booking_location":null,"booking_location_type":null,"booking_duration":null,"booking_duration_unit":null,"booking_buffer":null,"booking_cost":null,"booking_resources":null,"aioseo_notices":[],"_links":{"self":[{"href":"https:\/\/hopeluxuryhotel.com\/fr\/wp-json\/wp\/v2\/product\/4541","targetHints":{"allow":["GET"]}}],"collection":[{"href":"https:\/\/hopeluxuryhotel.com\/fr\/wp-json\/wp\/v2\/product"}],"about":[{"href":"https:\/\/hopeluxuryhotel.com\/fr\/wp-json\/wp\/v2\/types\/product"}],"replies":[{"embeddable":true,"href":"https:\/\/hopeluxuryhotel.com\/fr\/wp-json\/wp\/v2\/comments?post=4541"}],"wp:featuredmedia":[{"embeddable":true,"href":"https:\/\/hopeluxuryhotel.com\/fr\/wp-json\/wp\/v2\/media\/4437"}],"wp:attachment":[{"href":"https:\/\/hopeluxuryhotel.com\/fr\/wp-json\/wp\/v2\/media?parent=4541"}],"wp:term":[{"taxonomy":"product_brand","embeddable":true,"href":"https:\/\/hopeluxuryhotel.com\/fr\/wp-json\/wp\/v2\/product_brand?post=4541"},{"taxonomy":"product_cat","embeddable":true,"href":"https:\/\/hopeluxuryhotel.com\/fr\/wp-json\/wp\/v2\/product_cat?post=4541"},{"taxonomy":"product_tag","embeddable":true,"href":"https:\/\/hopeluxuryhotel.com\/fr\/wp-json\/wp\/v2\/product_tag?post=4541"}],"curies":[{"name":"wp","href":"https:\/\/api.w.org\/{rel}","templated":true}]}}