{"id":4630,"date":"2026-03-19T06:22:28","date_gmt":"2026-03-19T06:22:28","guid":{"rendered":"https:\/\/hopeluxuryhotel.com\/product\/reserver-la-piscine\/"},"modified":"2026-04-01T05:25:20","modified_gmt":"2026-04-01T05:25:20","slug":"reserver-la-piscine","status":"publish","type":"product","link":"https:\/\/hopeluxuryhotel.com\/fr\/produit\/reserver-la-piscine\/","title":{"rendered":"R\u00e9server la piscine"},"content":{"rendered":"<p data-path-to-node=\"2,0\"><b data-path-to-node=\"2,0\" data-index-in-node=\"0\">Plongez dans notre offre Early Bird !<\/b> Profitez d\u2019une <b data-path-to-node=\"2,0\" data-index-in-node=\"44\">r\u00e9duction de 50 % (appliqu\u00e9e automatiquement lors du paiement)<\/b> sur toutes les r\u00e9servations de piscine effectu\u00e9es avant le <b data-path-to-node=\"2,0\" data-index-in-node=\"90\">15 avril<\/b>.<\/p>\n<p data-path-to-node=\"2,1\">Vous recherchez un lieu exclusif&nbsp;? Notre piscine est disponible en <b data-path-to-node=\"2,1\" data-index-in-node=\"58\">privatisation<\/b>. Qu\u2019il s\u2019agisse d\u2019une r\u00e9ception raffin\u00e9e ou d\u2019un \u00e9v\u00e9nement d\u2019entreprise, contactez-nous d\u00e8s aujourd\u2019hui pour un <b data-path-to-node=\"2,1\" data-index-in-node=\"152\">devis sur mesure<\/b> adapt\u00e9 \u00e0 vos besoins.  <\/p>\n","protected":false},"excerpt":{"rendered":"<p data-path-to-node=\"2,0\">Pour c\u00e9l\u00e9brer la grande ouverture de notre piscine et l\u2019anniversaire de notre PDG, Hope Luxury Hotel offre une <b data-path-to-node=\"2,0\" data-index-in-node=\"109\">r\u00e9duction de 50&nbsp;% (appliqu\u00e9e automatiquement lors du paiement)<\/b> sur les r\u00e9servations en ligne anticip\u00e9es (effectu\u00e9es avant le 7<b data-path-to-node=\"2,0\" data-index-in-node=\"160\"> avril 2026<\/b>).<\/p>\n<p data-path-to-node=\"2,1\"><b data-path-to-node=\"2,1\" data-index-in-node=\"0\">Dates de la grande ouverture&nbsp;:<\/b> 24-25-26 avril 2026<\/p>\n","protected":false},"featured_media":4633,"comment_status":"open","ping_status":"closed","template":"","meta":{"_monsterinsights_skip_tracking":false,"_monsterinsights_sitenote_active":false,"_monsterinsights_sitenote_note":"","_monsterinsights_sitenote_category":0},"product_brand":[],"product_cat":[71],"product_tag":[],"class_list":{"0":"post-4630","1":"product","2":"type-product","3":"status-publish","4":"has-post-thumbnail","6":"product_cat-piscine","8":"first","9":"instock","10":"virtual","11":"sold-individually","12":"purchasable","13":"product-type-booking"},"booking_location":"","booking_location_type":"","booking_duration":1,"booking_duration_unit":"day","booking_buffer":0,"booking_cost":0,"booking_resources":[],"aioseo_notices":[],"_links":{"self":[{"href":"https:\/\/hopeluxuryhotel.com\/fr\/wp-json\/wp\/v2\/product\/4630","targetHints":{"allow":["GET"]}}],"collection":[{"href":"https:\/\/hopeluxuryhotel.com\/fr\/wp-json\/wp\/v2\/product"}],"about":[{"href":"https:\/\/hopeluxuryhotel.com\/fr\/wp-json\/wp\/v2\/types\/product"}],"replies":[{"embeddable":true,"href":"https:\/\/hopeluxuryhotel.com\/fr\/wp-json\/wp\/v2\/comments?post=4630"}],"wp:featuredmedia":[{"embeddable":true,"href":"https:\/\/hopeluxuryhotel.com\/fr\/wp-json\/wp\/v2\/media\/4633"}],"wp:attachment":[{"href":"https:\/\/hopeluxuryhotel.com\/fr\/wp-json\/wp\/v2\/media?parent=4630"}],"wp:term":[{"taxonomy":"product_brand","embeddable":true,"href":"https:\/\/hopeluxuryhotel.com\/fr\/wp-json\/wp\/v2\/product_brand?post=4630"},{"taxonomy":"product_cat","embeddable":true,"href":"https:\/\/hopeluxuryhotel.com\/fr\/wp-json\/wp\/v2\/product_cat?post=4630"},{"taxonomy":"product_tag","embeddable":true,"href":"https:\/\/hopeluxuryhotel.com\/fr\/wp-json\/wp\/v2\/product_tag?post=4630"}],"curies":[{"name":"wp","href":"https:\/\/api.w.org\/{rel}","templated":true}]}}